{"id":26194,"date":"2026-01-22T11:26:38","date_gmt":"2026-01-22T10:26:38","guid":{"rendered":"https:\/\/envivo-festival.com\/?page_id=26194"},"modified":"2026-01-22T11:27:32","modified_gmt":"2026-01-22T10:27:32","slug":"jaialdirako-autobusak","status":"publish","type":"page","link":"https:\/\/envivo-festival.com\/eu\/jaialdirako-autobusak\/","title":{"rendered":"Jaialdirako autobusak"},"content":{"rendered":"\t\t<div data-elementor-type=\"wp-page\" data-elementor-id=\"26194\" class=\"elementor elementor-26194 elementor-26193\" data-elementor-post-type=\"page\">\n\t\t\t\t\t\t<section class=\"elementor-section elementor-top-section elementor-element elementor-element-e442881 elementor-section-boxed elementor-section-height-default elementor-section-height-default\" data-id=\"e442881\" data-element_type=\"section\" data-e-type=\"section\">\n\t\t\t\t\t\t<div class=\"elementor-container elementor-column-gap-default\">\n\t\t\t\t\t<div class=\"elementor-column elementor-col-100 elementor-top-column elementor-element elementor-element-d6a67f1\" data-id=\"d6a67f1\" data-element_type=\"column\" data-e-type=\"column\" data-settings=\"{&quot;background_background&quot;:&quot;classic&quot;}\">\n\t\t\t<div class=\"elementor-widget-wrap elementor-element-populated\">\n\t\t\t\t\t\t<div class=\"elementor-element elementor-element-cfc7c20 elementor-widget elementor-widget-spacer\" data-id=\"cfc7c20\" data-element_type=\"widget\" data-e-type=\"widget\" data-widget_type=\"spacer.default\">\n\t\t\t\t<div class=\"elementor-widget-container\">\n\t\t\t\t\t\t\t<div class=\"elementor-spacer\">\n\t\t\t<div class=\"elementor-spacer-inner\"><\/div>\n\t\t<\/div>\n\t\t\t\t\t\t<\/div>\n\t\t\t\t<\/div>\n\t\t\t\t<div class=\"elementor-element elementor-element-8633791 elementor-widget elementor-widget-spacer\" data-id=\"8633791\" data-element_type=\"widget\" data-e-type=\"widget\" data-widget_type=\"spacer.default\">\n\t\t\t\t<div class=\"elementor-widget-container\">\n\t\t\t\t\t\t\t<div class=\"elementor-spacer\">\n\t\t\t<div class=\"elementor-spacer-inner\"><\/div>\n\t\t<\/div>\n\t\t\t\t\t\t<\/div>\n\t\t\t\t<\/div>\n\t\t\t\t<div class=\"elementor-element elementor-element-d73e6cb elementor-widget elementor-widget-heading\" data-id=\"d73e6cb\" data-element_type=\"widget\" data-e-type=\"widget\" data-widget_type=\"heading.default\">\n\t\t\t\t<div class=\"elementor-widget-container\">\n\t\t\t\t\t<h1 class=\"elementor-heading-title elementor-size-default\">AUTOBUSAK JAIALDIRA<\/h1>\t\t\t\t<\/div>\n\t\t\t\t<\/div>\n\t\t\t\t<div class=\"elementor-element elementor-element-00b2a7f elementor-widget elementor-widget-spacer\" data-id=\"00b2a7f\" data-element_type=\"widget\" data-e-type=\"widget\" data-widget_type=\"spacer.default\">\n\t\t\t\t<div class=\"elementor-widget-container\">\n\t\t\t\t\t\t\t<div class=\"elementor-spacer\">\n\t\t\t<div class=\"elementor-spacer-inner\"><\/div>\n\t\t<\/div>\n\t\t\t\t\t\t<\/div>\n\t\t\t\t<\/div>\n\t\t\t\t<div class=\"elementor-element elementor-element-bf1a503 elementor-widget elementor-widget-text-editor\" data-id=\"bf1a503\" data-element_type=\"widget\" data-e-type=\"widget\" data-widget_type=\"text-editor.default\">\n\t\t\t\t<div class=\"elementor-widget-container\">\n\t\t\t\t\t\t\t\t\t<div class=\"elementor-element elementor-element-b2db2a9 elementor-widget elementor-widget-text-editor\" data-id=\"b2db2a9\" data-element_type=\"widget\" data-widget_type=\"text-editor.default\"><div class=\"elementor-widget-container\"><p>Arratsaldeko lehen orduan irtengo dira bidaiak, eta agertoki nagusietako azken bandatik 30 minutura izango da itzulera. Horrela, jaialdiaz gozatzen kontzentratu besterik ez duzu egin beharko, gu garraioaz arduratzen garen bitartean. <\/p><\/div><\/div>\t\t\t\t\t\t\t\t<\/div>\n\t\t\t\t<\/div>\n\t\t\t\t<div class=\"elementor-element elementor-element-584af07 elementor-widget elementor-widget-spacer\" data-id=\"584af07\" data-element_type=\"widget\" data-e-type=\"widget\" data-widget_type=\"spacer.default\">\n\t\t\t\t<div class=\"elementor-widget-container\">\n\t\t\t\t\t\t\t<div class=\"elementor-spacer\">\n\t\t\t<div class=\"elementor-spacer-inner\"><\/div>\n\t\t<\/div>\n\t\t\t\t\t\t<\/div>\n\t\t\t\t<\/div>\n\t\t\t\t<div class=\"elementor-element elementor-element-fbee226 elementor-align-justify elementor-widget elementor-widget-button\" data-id=\"fbee226\" data-element_type=\"widget\" data-e-type=\"widget\" data-widget_type=\"button.default\">\n\t\t\t\t<div class=\"elementor-widget-container\">\n\t\t\t\t\t\t\t\t\t<div class=\"elementor-button-wrapper\">\n\t\t\t\t\t<a class=\"elementor-button elementor-button-link elementor-size-sm\" href=\"https:\/\/www.divertisenvivo.com\/producto\/en-vivo-festival\/\" target=\"_blank\">\n\t\t\t\t\t\t<span class=\"elementor-button-content-wrapper\">\n\t\t\t\t\t\t\t\t\t<span class=\"elementor-button-text\">ERRESERBATU ZURE BIDAIA<\/span>\n\t\t\t\t\t<\/span>\n\t\t\t\t\t<\/a>\n\t\t\t\t<\/div>\n\t\t\t\t\t\t\t\t<\/div>\n\t\t\t\t<\/div>\n\t\t\t\t<div class=\"elementor-element elementor-element-329e5e5 elementor-widget elementor-widget-spacer\" data-id=\"329e5e5\" data-element_type=\"widget\" data-e-type=\"widget\" data-widget_type=\"spacer.default\">\n\t\t\t\t<div class=\"elementor-widget-container\">\n\t\t\t\t\t\t\t<div class=\"elementor-spacer\">\n\t\t\t<div class=\"elementor-spacer-inner\"><\/div>\n\t\t<\/div>\n\t\t\t\t\t\t<\/div>\n\t\t\t\t<\/div>\n\t\t\t\t\t<\/div>\n\t\t<\/div>\n\t\t\t\t\t<\/div>\n\t\t<\/section>\n\t\t\t\t<section class=\"elementor-section elementor-top-section elementor-element elementor-element-f0e7f2d elementor-section-full_width elementor-section-height-default elementor-section-height-default\" data-id=\"f0e7f2d\" data-element_type=\"section\" data-e-type=\"section\" data-settings=\"{&quot;background_background&quot;:&quot;classic&quot;}\">\n\t\t\t\t\t\t<div class=\"elementor-container elementor-column-gap-default\">\n\t\t\t\t\t<div class=\"elementor-column elementor-col-100 elementor-top-column elementor-element elementor-element-278ce37\" data-id=\"278ce37\" data-element_type=\"column\" data-e-type=\"column\">\n\t\t\t<div class=\"elementor-widget-wrap elementor-element-populated\">\n\t\t\t\t\t\t<div class=\"elementor-element elementor-element-b04c9fc elementor-widget elementor-widget-heading\" data-id=\"b04c9fc\" data-element_type=\"widget\" data-e-type=\"widget\" data-widget_type=\"heading.default\">\n\t\t\t\t<div class=\"elementor-widget-container\">\n\t\t\t\t\t<h2 class=\"elementor-heading-title elementor-size-default\">Nondik aterako gara?<\/h2>\t\t\t\t<\/div>\n\t\t\t\t<\/div>\n\t\t\t\t<div class=\"elementor-element elementor-element-c32bf21 elementor-widget elementor-widget-spacer\" data-id=\"c32bf21\" data-element_type=\"widget\" data-e-type=\"widget\" data-widget_type=\"spacer.default\">\n\t\t\t\t<div class=\"elementor-widget-container\">\n\t\t\t\t\t\t\t<div class=\"elementor-spacer\">\n\t\t\t<div class=\"elementor-spacer-inner\"><\/div>\n\t\t<\/div>\n\t\t\t\t\t\t<\/div>\n\t\t\t\t<\/div>\n\t\t\t\t<div class=\"elementor-element elementor-element-79f3877 elementor-widget elementor-widget-text-editor\" data-id=\"79f3877\" data-element_type=\"widget\" data-e-type=\"widget\" data-widget_type=\"text-editor.default\">\n\t\t\t\t<div class=\"elementor-widget-container\">\n\t\t\t\t\t\t\t\t\t<div class=\"elementor-element elementor-element-a47f020 elementor-widget elementor-widget-text-editor\" data-id=\"a47f020\" data-element_type=\"widget\" data-widget_type=\"text-editor.default\"><div class=\"elementor-widget-container\"><p><strong>Eguneroko irteerak<\/strong><\/p><\/div><\/div>\t\t\t\t\t\t\t\t<\/div>\n\t\t\t\t<\/div>\n\t\t\t\t<div class=\"elementor-element elementor-element-e6014dc elementor-widget elementor-widget-spacer\" data-id=\"e6014dc\" data-element_type=\"widget\" data-e-type=\"widget\" data-widget_type=\"spacer.default\">\n\t\t\t\t<div class=\"elementor-widget-container\">\n\t\t\t\t\t\t\t<div class=\"elementor-spacer\">\n\t\t\t<div class=\"elementor-spacer-inner\"><\/div>\n\t\t<\/div>\n\t\t\t\t\t\t<\/div>\n\t\t\t\t<\/div>\n\t\t\t\t<div class=\"elementor-element elementor-element-a1e69fd elementor-widget elementor-widget-html\" data-id=\"a1e69fd\" data-element_type=\"widget\" data-e-type=\"widget\" data-widget_type=\"html.default\">\n\t\t\t\t<div class=\"elementor-widget-container\">\n\t\t\t\t\t<style>.tickerWrap{\n    width: 100%;\n    overflow: hidden;\n  }\n\n  .ticker{\n    --speed: 55s;\n    --gap: 3rem;\n    --fontSize: 80px;\n    --c1: #FF3300;\n    --c2: #FFAAEE;\n\n    font-family: \"Roboto Condensed\", sans-serif;\n    font-weight: 700;\n    font-size: var(--fontSize);\n    line-height: 1;\n    text-transform: uppercase;\n    white-space: nowrap;\n    user-select: none;\n  }\n\n  .ticker__track{\n    display: inline-flex;\n    align-items: center;\n    gap: var(--gap);\n    will-change: transform;\n  }\n\n  .ticker__set{\n    display: inline-flex;\n    align-items: center;\n    gap: var(--gap);\n    padding-right: var(--gap);\n  }\n\n  .ticker__word{\n    display: inline-block;\n  }\n\n  \/* Alternancia de color *\/\n  .ticker__set .ticker__word:nth-child(odd){ color: var(--c1); }\n  .ticker__set .ticker__word:nth-child(even){ color: var(--c2); }\n\n  \/* Animaciones *\/\n  @keyframes moveLeft {\n    from { transform: translateX(0); }\n    to   { transform: translateX(-50%); }\n  }\n\n  @keyframes moveRight {\n    from { transform: translateX(-50%); }\n    to   { transform: translateX(0); }\n  }\n\n  \/* L\u00ednea 1: derecha \u2192 izquierda *\/\n  .ticker--left .ticker__track{\n    animation: moveLeft var(--speed) linear infinite;\n  }\n\n  \/* L\u00ednea 2: izquierda \u2192 derecha *\/\n  .ticker--right{\n    --speed: 61s; \/* velocidad distinta para que no se \u201csincronicen\u201d *\/\n  }\n\n  .ticker--right .ticker__track{\n    animation: moveRight var(--speed) linear infinite;\n    animation-delay: -37s; \/* desfase alto, pero ya no \u201cencaja\u201d por el speed distinto *\/\n  }\n\n  .ticker + .ticker{\n    margin-top: 14px;\n  }\n\n  @media (max-width: 768px){\n    .ticker{\n      --fontSize: 44px;\n      --gap: 2.2rem;\n      --speed: 22s;\n    }\n    .ticker--right{\n      --speed: 26s; \/* tambi\u00e9n distinto en m\u00f3vil *\/\n    }\n  }\n<\/style><div class=\"tickerWrap\"><!-- L\u00ednea 1 (derecha \u2192 izquierda) --><div class=\"ticker ticker--left\" aria-label=\"Ciudades en movimiento l\u00ednea 1\"><div class=\"ticker__track\"><div class=\"ticker__set\"><span class=\"ticker__word\">ALTSASU<\/span><span class=\"ticker__word\">BILBAO<\/span><span class=\"ticker__word\">DONOSTIA<\/span><span class=\"ticker__word\">ERRENTERIA<\/span><span class=\"ticker__word\">ESTELLA<\/span><span class=\"ticker__word\">IRUN<\/span><span class=\"ticker__word\">LOGRO\u00d1O<\/span><span class=\"ticker__word\">VITORIA-GASTEIZ<\/span><\/div><div class=\"ticker__set\" aria-hidden=\"true\"><span class=\"ticker__word\">ALTSASU<\/span><span class=\"ticker__word\">BILBAO<\/span><span class=\"ticker__word\">DONOSTIA<\/span><span class=\"ticker__word\">ERRENTERIA<\/span><span class=\"ticker__word\">ESTELLA<\/span><span class=\"ticker__word\">IRUN<\/span><span class=\"ticker__word\">LOGRO\u00d1O<\/span><span class=\"ticker__word\">VITORIA-GASTEIZ<\/span><\/div><\/div><\/div><!-- L\u00ednea 2 (izquierda \u2192 derecha) - ORDEN ROTADO --><div class=\"ticker ticker--right\" aria-label=\"Ciudades en movimiento l\u00ednea 2\"><div class=\"ticker__track\"><div class=\"ticker__set\"><span class=\"ticker__word\">DONOSTIA<\/span><span class=\"ticker__word\">ERRENTERIA<\/span><span class=\"ticker__word\">ESTELLA<\/span><span class=\"ticker__word\">IRUN<\/span><span class=\"ticker__word\">LOGRO\u00d1O<\/span><span class=\"ticker__word\">VITORIA-GASTEIZ<\/span><span class=\"ticker__word\">ALTSASU<\/span><span class=\"ticker__word\">BILBAO<\/span><\/div><div class=\"ticker__set\" aria-hidden=\"true\"><span class=\"ticker__word\">DONOSTIA<\/span><span class=\"ticker__word\">ERRENTERIA<\/span><span class=\"ticker__word\">ESTELLA<\/span><span class=\"ticker__word\">IRUN<\/span><span class=\"ticker__word\">LOGRO\u00d1O<\/span><span class=\"ticker__word\">VITORIA-GASTEIZ<\/span><span class=\"ticker__word\">ALTSASU<\/span><span class=\"ticker__word\">BILBAO<\/span><\/div><\/div><\/div><\/div>\t\t\t\t<\/div>\n\t\t\t\t<\/div>\n\t\t\t\t\t<\/div>\n\t\t<\/div>\n\t\t\t\t\t<\/div>\n\t\t<\/section>\n\t\t\t\t<section class=\"elementor-section elementor-top-section elementor-element elementor-element-e4ff2e4 elementor-section-full_width elementor-section-height-default elementor-section-height-default\" data-id=\"e4ff2e4\" data-element_type=\"section\" data-e-type=\"section\">\n\t\t\t\t\t\t<div class=\"elementor-container elementor-column-gap-default\">\n\t\t\t\t\t<div class=\"elementor-column elementor-col-50 elementor-top-column elementor-element elementor-element-309f347\" data-id=\"309f347\" data-element_type=\"column\" data-e-type=\"column\" data-settings=\"{&quot;background_background&quot;:&quot;classic&quot;}\">\n\t\t\t<div class=\"elementor-widget-wrap elementor-element-populated\">\n\t\t\t\t\t\t<div class=\"elementor-element elementor-element-9b968eb elementor-widget elementor-widget-heading\" data-id=\"9b968eb\" data-element_type=\"widget\" data-e-type=\"widget\" data-widget_type=\"heading.default\">\n\t\t\t\t<div class=\"elementor-widget-container\">\n\t\t\t\t\t<h2 class=\"elementor-heading-title elementor-size-default\">Ordutegi erosoak, estresik gabe<\/h2>\t\t\t\t<\/div>\n\t\t\t\t<\/div>\n\t\t\t\t<div class=\"elementor-element elementor-element-d2cecf6 elementor-widget elementor-widget-text-editor\" data-id=\"d2cecf6\" data-element_type=\"widget\" data-e-type=\"widget\" data-widget_type=\"text-editor.default\">\n\t\t\t\t<div class=\"elementor-widget-container\">\n\t\t\t\t\t\t\t\t\t<div class=\"elementor-element elementor-element-b2db2a9 elementor-widget elementor-widget-text-editor\" data-id=\"b2db2a9\" data-element_type=\"widget\" data-widget_type=\"text-editor.default\"><div class=\"elementor-widget-container\"><p><span style=\"color: #ffffff;\">Arratsaldeko lehen orduan irtengo dira bidaiak, eta agertoki nagusietako azken bandatik 30 minutura izango da itzulera. Horrela, jaialdiaz gozatzen kontzentratu besterik ez duzu egin beharko, gu garraioaz arduratzen garen bitartean. <\/span><\/p><\/div><\/div>\t\t\t\t\t\t\t\t<\/div>\n\t\t\t\t<\/div>\n\t\t\t\t\t<\/div>\n\t\t<\/div>\n\t\t\t\t<div class=\"elementor-column elementor-col-50 elementor-top-column elementor-element elementor-element-7b223b2\" data-id=\"7b223b2\" data-element_type=\"column\" data-e-type=\"column\" data-settings=\"{&quot;background_background&quot;:&quot;classic&quot;}\">\n\t\t\t<div class=\"elementor-widget-wrap elementor-element-populated\">\n\t\t\t\t\t\t<div class=\"elementor-element elementor-element-1a2f8e0 elementor-widget elementor-widget-heading\" data-id=\"1a2f8e0\" data-element_type=\"widget\" data-e-type=\"widget\" data-widget_type=\"heading.default\">\n\t\t\t\t<div class=\"elementor-widget-container\">\n\t\t\t\t\t<h2 class=\"elementor-heading-title elementor-size-default\">Arazorik gabe bidaiatu<\/h2>\t\t\t\t<\/div>\n\t\t\t\t<\/div>\n\t\t\t\t<div class=\"elementor-element elementor-element-04c5e70 elementor-widget elementor-widget-text-editor\" data-id=\"04c5e70\" data-element_type=\"widget\" data-e-type=\"widget\" data-widget_type=\"text-editor.default\">\n\t\t\t\t<div class=\"elementor-widget-container\">\n\t\t\t\t\t\t\t\t\t<p>Prezioa pertsona bakarrekoa eta egunekoa da eta joan-etorria barne hartzen du. Eta onena, jaialdiaren atarian uzten zaitugu! Iristeko modurik erosoena eta praktikoena.<br>  <\/p>\t\t\t\t\t\t\t\t<\/div>\n\t\t\t\t<\/div>\n\t\t\t\t<div class=\"elementor-element elementor-element-e64af5f elementor-widget elementor-widget-spacer\" data-id=\"e64af5f\" data-element_type=\"widget\" data-e-type=\"widget\" data-widget_type=\"spacer.default\">\n\t\t\t\t<div class=\"elementor-widget-container\">\n\t\t\t\t\t\t\t<div class=\"elementor-spacer\">\n\t\t\t<div class=\"elementor-spacer-inner\"><\/div>\n\t\t<\/div>\n\t\t\t\t\t\t<\/div>\n\t\t\t\t<\/div>\n\t\t\t\t<div class=\"elementor-element elementor-element-a65af33 elementor-align-justify elementor-widget elementor-widget-button\" data-id=\"a65af33\" data-element_type=\"widget\" data-e-type=\"widget\" data-widget_type=\"button.default\">\n\t\t\t\t<div class=\"elementor-widget-container\">\n\t\t\t\t\t\t\t\t\t<div class=\"elementor-button-wrapper\">\n\t\t\t\t\t<a class=\"elementor-button elementor-button-link elementor-size-sm\" href=\"https:\/\/www.divertisenvivo.com\/producto\/en-vivo-festival\/\" target=\"_blank\">\n\t\t\t\t\t\t<span class=\"elementor-button-content-wrapper\">\n\t\t\t\t\t\t\t\t\t<span class=\"elementor-button-text\">ERRESERBATU ZURE BIDAIA<\/span>\n\t\t\t\t\t<\/span>\n\t\t\t\t\t<\/a>\n\t\t\t\t<\/div>\n\t\t\t\t\t\t\t\t<\/div>\n\t\t\t\t<\/div>\n\t\t\t\t\t<\/div>\n\t\t<\/div>\n\t\t\t\t\t<\/div>\n\t\t<\/section>\n\t\t\t\t<\/div>\n\t\t","protected":false},"excerpt":{"rendered":"<p>AUTOBUSAK JAIALDIRA Arratsaldeko lehen orduan irtengo dira bidaiak, eta agertoki nagusietako azken bandatik 30 minutura izango da itzulera. Horrela, jaialdiaz gozatzen kontzentratu besterik ez duzu egin beharko, gu garraioaz arduratzen garen bitartean. ERRESERBATU ZURE BIDAIA Nondik aterako gara? Eguneroko irteerak ALTSASUBILBAODONOSTIAERRENTERIAESTELLAIRUNLOGRO\u00d1OVITORIA-GASTEIZALTSASUBILBAODONOSTIAERRENTERIAESTELLAIRUNLOGRO\u00d1OVITORIA-GASTEIZDONOSTIAERRENTERIAESTELLAIRUNLOGRO\u00d1OVITORIA-GASTEIZALTSASUBILBAODONOSTIAERRENTERIAESTELLAIRUNLOGRO\u00d1OVITORIA-GASTEIZALTSASUBILBAO Ordutegi erosoak, estresik gabe Arratsaldeko lehen orduan irtengo dira bidaiak, eta agertoki nagusietako azken [&hellip;]<\/p>\n","protected":false},"author":5,"featured_media":0,"parent":0,"menu_order":0,"comment_status":"closed","ping_status":"closed","template":"elementor_header_footer","meta":{"footnotes":""},"class_list":["post-26194","page","type-page","status-publish","hentry"],"yoast_head":"<!-- This site is optimized with the Yoast SEO plugin v26.9 - https:\/\/yoast.com\/product\/yoast-seo-wordpress\/ -->\n<title>Jaialdirako autobusak - En Vivo Festival<\/title>\n<meta name=\"description\" content=\"Hemen dituzu En Vivo jaialdiaren esparrura iristeko eguneroko autobusak. bidaiatu eroso eta gozatu kezkarik gabe! \u200b\" \/>\n<meta name=\"robots\" content=\"index, follow, max-snippet:-1, max-image-preview:large, max-video-preview:-1\" \/>\n<link rel=\"canonical\" href=\"https:\/\/envivo-festival.com\/eu\/jaialdirako-autobusak\/\" \/>\n<meta property=\"og:locale\" content=\"eu_ES\" \/>\n<meta property=\"og:type\" content=\"article\" \/>\n<meta property=\"og:title\" content=\"Jaialdirako autobusak - En Vivo Festival\" \/>\n<meta property=\"og:description\" content=\"Hemen dituzu En Vivo jaialdiaren esparrura iristeko eguneroko autobusak. bidaiatu eroso eta gozatu kezkarik gabe! \u200b\" \/>\n<meta property=\"og:url\" content=\"https:\/\/envivo-festival.com\/eu\/jaialdirako-autobusak\/\" \/>\n<meta property=\"og:site_name\" content=\"En Vivo Festival\" \/>\n<meta property=\"article:publisher\" content=\"https:\/\/www.facebook.com\/envivofestival\" \/>\n<meta property=\"article:modified_time\" content=\"2026-01-22T10:27:32+00:00\" \/>\n<meta name=\"twitter:card\" content=\"summary_large_image\" \/>\n<meta name=\"twitter:label1\" content=\"Est. reading time\" \/>\n\t<meta name=\"twitter:data1\" content=\"1 minute\" \/>\n<script type=\"application\/ld+json\" class=\"yoast-schema-graph\">{\"@context\":\"https:\/\/schema.org\",\"@graph\":[{\"@type\":\"WebPage\",\"@id\":\"https:\/\/envivo-festival.com\/eu\/jaialdirako-autobusak\/\",\"url\":\"https:\/\/envivo-festival.com\/eu\/jaialdirako-autobusak\/\",\"name\":\"Jaialdirako autobusak - En Vivo Festival\",\"isPartOf\":{\"@id\":\"https:\/\/envivo-festival.com\/#website\"},\"datePublished\":\"2026-01-22T10:26:38+00:00\",\"dateModified\":\"2026-01-22T10:27:32+00:00\",\"description\":\"Hemen dituzu En Vivo jaialdiaren esparrura iristeko eguneroko autobusak. bidaiatu eroso eta gozatu kezkarik gabe! \u200b\",\"breadcrumb\":{\"@id\":\"https:\/\/envivo-festival.com\/eu\/jaialdirako-autobusak\/#breadcrumb\"},\"inLanguage\":\"eu-ES\",\"potentialAction\":[{\"@type\":\"ReadAction\",\"target\":[\"https:\/\/envivo-festival.com\/eu\/jaialdirako-autobusak\/\"]}]},{\"@type\":\"BreadcrumbList\",\"@id\":\"https:\/\/envivo-festival.com\/eu\/jaialdirako-autobusak\/#breadcrumb\",\"itemListElement\":[{\"@type\":\"ListItem\",\"position\":1,\"name\":\"Portada\",\"item\":\"https:\/\/envivo-festival.com\/\"},{\"@type\":\"ListItem\",\"position\":2,\"name\":\"Jaialdirako autobusak\"}]},{\"@type\":\"WebSite\",\"@id\":\"https:\/\/envivo-festival.com\/#website\",\"url\":\"https:\/\/envivo-festival.com\/\",\"name\":\"En Vivo Festival\",\"description\":\"5 y 6 de junio de 2026 - La Ciudadela, PAMPLONA\",\"publisher\":{\"@id\":\"https:\/\/envivo-festival.com\/#organization\"},\"potentialAction\":[{\"@type\":\"SearchAction\",\"target\":{\"@type\":\"EntryPoint\",\"urlTemplate\":\"https:\/\/envivo-festival.com\/?s={search_term_string}\"},\"query-input\":{\"@type\":\"PropertyValueSpecification\",\"valueRequired\":true,\"valueName\":\"search_term_string\"}}],\"inLanguage\":\"eu-ES\"},{\"@type\":\"Organization\",\"@id\":\"https:\/\/envivo-festival.com\/#organization\",\"name\":\"En Vivo Festival\",\"url\":\"https:\/\/envivo-festival.com\/\",\"logo\":{\"@type\":\"ImageObject\",\"inLanguage\":\"eu-ES\",\"@id\":\"https:\/\/envivo-festival.com\/#\/schema\/logo\/image\/\",\"url\":\"https:\/\/envivo-festival.com\/wp-content\/uploads\/2022\/05\/ENV25_logo2.png\",\"contentUrl\":\"https:\/\/envivo-festival.com\/wp-content\/uploads\/2022\/05\/ENV25_logo2.png\",\"width\":400,\"height\":400,\"caption\":\"En Vivo Festival\"},\"image\":{\"@id\":\"https:\/\/envivo-festival.com\/#\/schema\/logo\/image\/\"},\"sameAs\":[\"https:\/\/www.facebook.com\/envivofestival\",\"https:\/\/www.instagram.com\/envivofestival\"]}]}<\/script>\n<!-- \/ Yoast SEO plugin. -->","yoast_head_json":{"title":"Jaialdirako autobusak - En Vivo Festival","description":"Hemen dituzu En Vivo jaialdiaren esparrura iristeko eguneroko autobusak. bidaiatu eroso eta gozatu kezkarik gabe! \u200b","robots":{"index":"index","follow":"follow","max-snippet":"max-snippet:-1","max-image-preview":"max-image-preview:large","max-video-preview":"max-video-preview:-1"},"canonical":"https:\/\/envivo-festival.com\/eu\/jaialdirako-autobusak\/","og_locale":"eu_ES","og_type":"article","og_title":"Jaialdirako autobusak - En Vivo Festival","og_description":"Hemen dituzu En Vivo jaialdiaren esparrura iristeko eguneroko autobusak. bidaiatu eroso eta gozatu kezkarik gabe! \u200b","og_url":"https:\/\/envivo-festival.com\/eu\/jaialdirako-autobusak\/","og_site_name":"En Vivo Festival","article_publisher":"https:\/\/www.facebook.com\/envivofestival","article_modified_time":"2026-01-22T10:27:32+00:00","twitter_card":"summary_large_image","twitter_misc":{"Est. reading time":"1 minute"},"schema":{"@context":"https:\/\/schema.org","@graph":[{"@type":"WebPage","@id":"https:\/\/envivo-festival.com\/eu\/jaialdirako-autobusak\/","url":"https:\/\/envivo-festival.com\/eu\/jaialdirako-autobusak\/","name":"Jaialdirako autobusak - En Vivo Festival","isPartOf":{"@id":"https:\/\/envivo-festival.com\/#website"},"datePublished":"2026-01-22T10:26:38+00:00","dateModified":"2026-01-22T10:27:32+00:00","description":"Hemen dituzu En Vivo jaialdiaren esparrura iristeko eguneroko autobusak. bidaiatu eroso eta gozatu kezkarik gabe! \u200b","breadcrumb":{"@id":"https:\/\/envivo-festival.com\/eu\/jaialdirako-autobusak\/#breadcrumb"},"inLanguage":"eu-ES","potentialAction":[{"@type":"ReadAction","target":["https:\/\/envivo-festival.com\/eu\/jaialdirako-autobusak\/"]}]},{"@type":"BreadcrumbList","@id":"https:\/\/envivo-festival.com\/eu\/jaialdirako-autobusak\/#breadcrumb","itemListElement":[{"@type":"ListItem","position":1,"name":"Portada","item":"https:\/\/envivo-festival.com\/"},{"@type":"ListItem","position":2,"name":"Jaialdirako autobusak"}]},{"@type":"WebSite","@id":"https:\/\/envivo-festival.com\/#website","url":"https:\/\/envivo-festival.com\/","name":"En Vivo Festival","description":"5 y 6 de junio de 2026 - La Ciudadela, PAMPLONA","publisher":{"@id":"https:\/\/envivo-festival.com\/#organization"},"potentialAction":[{"@type":"SearchAction","target":{"@type":"EntryPoint","urlTemplate":"https:\/\/envivo-festival.com\/?s={search_term_string}"},"query-input":{"@type":"PropertyValueSpecification","valueRequired":true,"valueName":"search_term_string"}}],"inLanguage":"eu-ES"},{"@type":"Organization","@id":"https:\/\/envivo-festival.com\/#organization","name":"En Vivo Festival","url":"https:\/\/envivo-festival.com\/","logo":{"@type":"ImageObject","inLanguage":"eu-ES","@id":"https:\/\/envivo-festival.com\/#\/schema\/logo\/image\/","url":"https:\/\/envivo-festival.com\/wp-content\/uploads\/2022\/05\/ENV25_logo2.png","contentUrl":"https:\/\/envivo-festival.com\/wp-content\/uploads\/2022\/05\/ENV25_logo2.png","width":400,"height":400,"caption":"En Vivo Festival"},"image":{"@id":"https:\/\/envivo-festival.com\/#\/schema\/logo\/image\/"},"sameAs":["https:\/\/www.facebook.com\/envivofestival","https:\/\/www.instagram.com\/envivofestival"]}]}},"_links":{"self":[{"href":"https:\/\/envivo-festival.com\/eu\/wp-json\/wp\/v2\/pages\/26194","targetHints":{"allow":["GET"]}}],"collection":[{"href":"https:\/\/envivo-festival.com\/eu\/wp-json\/wp\/v2\/pages"}],"about":[{"href":"https:\/\/envivo-festival.com\/eu\/wp-json\/wp\/v2\/types\/page"}],"author":[{"embeddable":true,"href":"https:\/\/envivo-festival.com\/eu\/wp-json\/wp\/v2\/users\/5"}],"replies":[{"embeddable":true,"href":"https:\/\/envivo-festival.com\/eu\/wp-json\/wp\/v2\/comments?post=26194"}],"version-history":[{"count":5,"href":"https:\/\/envivo-festival.com\/eu\/wp-json\/wp\/v2\/pages\/26194\/revisions"}],"predecessor-version":[{"id":26258,"href":"https:\/\/envivo-festival.com\/eu\/wp-json\/wp\/v2\/pages\/26194\/revisions\/26258"}],"wp:attachment":[{"href":"https:\/\/envivo-festival.com\/eu\/wp-json\/wp\/v2\/media?parent=26194"}],"curies":[{"name":"wp","href":"https:\/\/api.w.org\/{rel}","templated":true}]}}